{"id":1915,"date":"2023-07-04T08:21:40","date_gmt":"2023-07-04T08:21:40","guid":{"rendered":"https:\/\/luxauto.alpin-it.hu\/?page_id=1915"},"modified":"2023-10-05T13:26:15","modified_gmt":"2023-10-05T13:26:15","slug":"zenit-napfenyteto","status":"publish","type":"page","link":"https:\/\/luxauto.hu\/en\/zenit-napfenyteto\/","title":{"rendered":"Zenit sunroof"},"content":{"rendered":"<div class=\"wpb-content-wrapper\"><div data-vc-full-width=\"true\" data-vc-full-width-init=\"false\" data-vc-stretch-content=\"true\"  class=\"vc_row wpb_row vc_row-fluid vc_column-gap-35 vc_row-o-full-height vc_row-o-columns-middle vc_row-o-equal-height vc_row-flex\" ><div class=\"wpb_column vc_column_container vc_col-sm-6\"><div class=\"vc_column-inner vc_custom_1696509199746\"><div class=\"wpb_wrapper\"><div  class=\"vc_wp_text wpb_content_element\"><div class=\"widget widget_text\">\t\t\t<div class=\"textwidget\"><p><strong>Our sunroof with the brandname ZENIT consists of the following main components:<\/strong><\/p>\n<p>\u2013 the upper frame is an outdoor window frame, which is equipped with a silicone-based plastic sealing profile,<br \/>\n\u2013 the bottom frame, this is the indoor fixing frame,<br \/>\n\u2013 the decorating cover element, which aims the interior ceiling upholstering and the window aesthetic fitting,<br \/>\n\u2013 the tempered, tinted glass,<br \/>\n\u2013 the opening mechanism, which performs glass lifting and lowering tasks.<\/p>\n<p><strong>From these following components can be purchased as a single product:<\/strong><\/p>\n<p>\u2013 The assembled glass, which can be easily replaced if broken. It can be installed and removed in one move, and the glass, equipped with hinges and opening mechanism, can even be replaced at home without needing the help of a professional.<br \/>\n\u2013 Of course, only the glass itself without the fittings can be purchased separately.<br \/>\n\u2013 Opening mechanism.<\/p>\n<p>&nbsp;<\/p>\n<\/div>\n\t\t<\/div><\/div><\/div><\/div><\/div><div class=\"wpb_column vc_column_container vc_col-sm-6\"><div class=\"vc_column-inner\"><div class=\"wpb_wrapper\">\n\t<div  class=\"wpb_single_image wpb_content_element vc_align_center wpb_content_element\">\n\t\t\n\t\t<figure class=\"wpb_wrapper vc_figure\">\n\t\t\t<div class=\"vc_single_image-wrapper   vc_box_border_grey\"><img decoding=\"async\" class=\"vc_single_image-img\" src=\"https:\/\/luxauto.hu\/wp-content\/uploads\/2023\/09\/01_luxauto_szolgaltatasaink_zenit_napfenyteto_01-scaled-600x390.jpg\" width=\"600\" height=\"390\" alt=\"01_luxauto_szolgaltatasaink_zenit_napfenyteto_01\" title=\"01_luxauto_szolgaltatasaink_zenit_napfenyteto_01\" loading=\"lazy\" \/><\/div>\n\t\t<\/figure>\n\t<\/div>\n\n\t<div  class=\"wpb_single_image wpb_content_element vc_align_center wpb_content_element\">\n\t\t\n\t\t<figure class=\"wpb_wrapper vc_figure\">\n\t\t\t<div class=\"vc_single_image-wrapper   vc_box_border_grey\"><img decoding=\"async\" class=\"vc_single_image-img\" src=\"https:\/\/luxauto.hu\/wp-content\/uploads\/2023\/09\/03_luxauto_szolgaltatasaink_zenit_nyitomechanika_01-scaled-600x450.jpg\" width=\"600\" height=\"450\" alt=\"03_luxauto_szolgaltatasaink_zenit_nyitomechanika_01\" title=\"03_luxauto_szolgaltatasaink_zenit_nyitomechanika_01\" loading=\"lazy\" \/><\/div>\n\t\t<\/figure>\n\t<\/div>\n<\/div><\/div><\/div><\/div><div class=\"vc_row-full-width vc_clearfix\"><\/div>\n<\/div>","protected":false},"excerpt":{"rendered":"A ZENIT m\u00e1rkanev\u0171 napf\u00e9nytet\u0151nk a k\u00f6vetkez\u0151 f\u0151 alkatr\u00e9szekb\u0151l \u00e1ll: - a fels\u0151keret a k\u00fclt\u00e9ri ablakkeret, amely szilikon alap\u00fa m\u0171anyag t\u00f6m\u00edt\u0151profillal van ell\u00e1tva, - az als\u00f3keret, ez a belt\u00e9ri r\u00f6gz\u00edt\u0151keret, - a dekor\u00e1ci\u00f3s takar\u00f3elem, amelynek c\u00e9lja a belt\u00e9ri mennyezeti k\u00e1rpitoz\u00e1s \u00e9s az ablak eszt\u00e9tikai illeszt\u00e9se, - az edzett, s\u00f6t\u00e9t\u00edtett \u00fcveg, - a nyit\u00f3mechanika, ami az \u00fcvegemel\u0151- [...]","protected":false},"author":1,"featured_media":0,"parent":0,"menu_order":0,"comment_status":"closed","ping_status":"closed","template":"","meta":{"footnotes":""},"class_list":["post-1915","page","type-page","status-publish","hentry"],"_links":{"self":[{"href":"https:\/\/luxauto.hu\/en\/wp-json\/wp\/v2\/pages\/1915","targetHints":{"allow":["GET"]}}],"collection":[{"href":"https:\/\/luxauto.hu\/en\/wp-json\/wp\/v2\/pages"}],"about":[{"href":"https:\/\/luxauto.hu\/en\/wp-json\/wp\/v2\/types\/page"}],"author":[{"embeddable":true,"href":"https:\/\/luxauto.hu\/en\/wp-json\/wp\/v2\/users\/1"}],"replies":[{"embeddable":true,"href":"https:\/\/luxauto.hu\/en\/wp-json\/wp\/v2\/comments?post=1915"}],"version-history":[{"count":13,"href":"https:\/\/luxauto.hu\/en\/wp-json\/wp\/v2\/pages\/1915\/revisions"}],"predecessor-version":[{"id":2405,"href":"https:\/\/luxauto.hu\/en\/wp-json\/wp\/v2\/pages\/1915\/revisions\/2405"}],"wp:attachment":[{"href":"https:\/\/luxauto.hu\/en\/wp-json\/wp\/v2\/media?parent=1915"}],"curies":[{"name":"wp","href":"https:\/\/api.w.org\/{rel}","templated":true}]}}