{"id":2134,"date":"2023-09-05T06:28:05","date_gmt":"2023-09-05T06:28:05","guid":{"rendered":"https:\/\/luxauto.alpin-it.hu\/?page_id=2134"},"modified":"2025-07-22T19:47:03","modified_gmt":"2025-07-22T19:47:03","slug":"tetoablakok-es-szerelvenyeik","status":"publish","type":"page","link":"https:\/\/luxauto.hu\/en\/tetoablakok-es-szerelvenyeik\/","title":{"rendered":"Sunroofs and assemblies"},"content":{"rendered":"<div class=\"wpb-content-wrapper\"><div  class=\"vc_row wpb_row vc_row-fluid vc_custom_1696593372276 vc_column-gap-35 vc_rtl-columns-reverse vc_row-o-full-height vc_row-o-columns-middle vc_row-o-equal-height vc_row-flex\" ><div class=\"wpb_column vc_column_container vc_col-sm-12\"><div class=\"vc_column-inner\"><div class=\"wpb_wrapper\"><div class=\"woocommerce columns-4\"><ul class=\"products columns-4\">\n\r\n<li class=\"product type-product post-2169 status-publish first instock product_cat-tetoablakok-es-szerelvenyeik has-post-thumbnail shipping-taxable purchasable product-type-simple\">\r\n\t<div class=\"product product-item\">\r\n\t\t\t\t<div class=\"dez-box\">\r\n\t\t\t<div class=\"dez-thum-bx  dez-img-effect\"> <img loading=\"lazy\" decoding=\"async\" width=\"300\" height=\"300\" src=\"https:\/\/luxauto.hu\/wp-content\/uploads\/2023\/09\/0_luxauto_webshop_karavan_ablak-300x300.jpg\" class=\"attachment-woocommerce_thumbnail size-woocommerce_thumbnail\" alt=\"\" srcset=\"https:\/\/luxauto.hu\/wp-content\/uploads\/2023\/09\/0_luxauto_webshop_karavan_ablak-300x300.jpg 300w, https:\/\/luxauto.hu\/wp-content\/uploads\/2023\/09\/0_luxauto_webshop_karavan_ablak-200x200.jpg 200w, https:\/\/luxauto.hu\/wp-content\/uploads\/2023\/09\/0_luxauto_webshop_karavan_ablak-450x450.jpg 450w\" sizes=\"auto, (max-width: 300px) 100vw, 300px\" \/>\t\t\t\t<div class=\"overlay-bx\">\r\n\t\t\t\t\t<div class=\"overlay-icon\"> \r\n\t\t\t\t\t\t<ul>\r\n\t\t\t\t\t\t\t<li>\r\n\t\t\t\t\t\t\t\t<a rel=\"nofollow\" href=\"?add-to-cart=2169\" data-quantity=\"1\" data-product_id=\"2169\" data-product_sku=\"\" class=\"add_to_cart_button ajax_add_to_cart product_type_simple\"><i class=\"ti-shopping-cart\"><\/i><\/a>\t\t\t\t\t\t\t<\/li>\r\n\t\t\t\t\t\t\t<li>\r\n\t\t\t\t\t\t\t\t\t\t\t\t\t\t\t\t\t<div class=\"woocommerce-quick-view\">\r\n\t\t\t\t\t\t\t\t\t\t<a href=\"#\" class=\"yith-wcqv-button\" data-product_id=\"2169\"><i class=\"fa fa-search\"><\/i><\/a>\r\n\t\t\t\t\t\t\t\t\t<\/div>\r\n\t\t\t\t\t\t\t\t\t\t\t\t\t\t\t<\/li>\r\n\t\t\t\t\t\t\t<li>\r\n\t\t\t\t\t\t\t\t<div class=\"woocommerce-wishlist\">\r\n\t\t\t\t\t\t\t\t\t\t\t\t\t\t\t\t\t<\/div>\r\n\t\t\t\t\t\t\t<\/li>\r\n\t\t\t\t\t\t<\/ul>\r\n\t\t\t\t\t<\/div>\r\n\t\t\t\t<\/div>\r\n\t\t\t<\/div>\r\n\t\t\t<div class=\"dez-info p-a20 text-center\">\r\n\t\t\t\t<h4 class=\"dez-title m-t0 text-uppercase\"><a href=\"https:\/\/luxauto.hu\/en\/product\/vontatmany-potkocsi-hajo-loszallito-lakokocsi-ablak-6\/\">Caravan window \u2013 towed vehicle, trailer, boat, equine transport, camper van window<\/a><\/h4>\r\n\t\t\t\t<h2 class=\"m-b0\">\n\t<span class=\"price\"><span class=\"woocommerce-Price-amount amount\"><bdi>58 100&nbsp;<span class=\"woocommerce-Price-currencySymbol\">&#70;&#116;<\/span><\/bdi><\/span><\/span>\n<\/h2>\r\n\t\t\t\t<div class=\"m-t20\">\r\n                    <a rel=\"nofollow\" href=\"?add-to-cart=2169\" data-quantity=\"1\" data-product_id=\"2169\" data-product_sku=\"\" class=\"add_to_cart_button ajax_add_to_cart product_type_simple site-button\">Add To Cart<i class=\"fa fa-refresh fa-spin\"><\/i><\/a>\t\t\t\t<\/div>\r\n\t\t\t<\/div>\r\n\t\t\t\r\n\t\t<\/div>\r\n\t\t\t\t\t<\/div>\r\n<\/li>\r\n<li class=\"product type-product post-3221 status-publish instock product_cat-tetoablakok-es-szerelvenyeik has-post-thumbnail shipping-taxable purchasable product-type-simple\">\r\n\t<div class=\"product product-item\">\r\n\t\t\t\t<div class=\"dez-box\">\r\n\t\t\t<div class=\"dez-thum-bx  dez-img-effect\"> <img loading=\"lazy\" decoding=\"async\" width=\"300\" height=\"300\" src=\"https:\/\/luxauto.hu\/wp-content\/uploads\/2025\/07\/0_luxauto_webshop_karavan_ablak_magas_fustszinu_1008x756-300x300.jpg\" class=\"attachment-woocommerce_thumbnail size-woocommerce_thumbnail\" alt=\"\" srcset=\"https:\/\/luxauto.hu\/wp-content\/uploads\/2025\/07\/0_luxauto_webshop_karavan_ablak_magas_fustszinu_1008x756-300x300.jpg 300w, https:\/\/luxauto.hu\/wp-content\/uploads\/2025\/07\/0_luxauto_webshop_karavan_ablak_magas_fustszinu_1008x756-200x200.jpg 200w, https:\/\/luxauto.hu\/wp-content\/uploads\/2025\/07\/0_luxauto_webshop_karavan_ablak_magas_fustszinu_1008x756-450x450.jpg 450w\" sizes=\"auto, (max-width: 300px) 100vw, 300px\" \/>\t\t\t\t<div class=\"overlay-bx\">\r\n\t\t\t\t\t<div class=\"overlay-icon\"> \r\n\t\t\t\t\t\t<ul>\r\n\t\t\t\t\t\t\t<li>\r\n\t\t\t\t\t\t\t\t<a rel=\"nofollow\" href=\"?add-to-cart=3221\" data-quantity=\"1\" data-product_id=\"3221\" data-product_sku=\"22000092\" class=\"add_to_cart_button ajax_add_to_cart product_type_simple\"><i class=\"ti-shopping-cart\"><\/i><\/a>\t\t\t\t\t\t\t<\/li>\r\n\t\t\t\t\t\t\t<li>\r\n\t\t\t\t\t\t\t\t\t\t\t\t\t\t\t\t\t<div class=\"woocommerce-quick-view\">\r\n\t\t\t\t\t\t\t\t\t\t<a href=\"#\" class=\"yith-wcqv-button\" data-product_id=\"3221\"><i class=\"fa fa-search\"><\/i><\/a>\r\n\t\t\t\t\t\t\t\t\t<\/div>\r\n\t\t\t\t\t\t\t\t\t\t\t\t\t\t\t<\/li>\r\n\t\t\t\t\t\t\t<li>\r\n\t\t\t\t\t\t\t\t<div class=\"woocommerce-wishlist\">\r\n\t\t\t\t\t\t\t\t\t\t\t\t\t\t\t\t\t<\/div>\r\n\t\t\t\t\t\t\t<\/li>\r\n\t\t\t\t\t\t<\/ul>\r\n\t\t\t\t\t<\/div>\r\n\t\t\t\t<\/div>\r\n\t\t\t<\/div>\r\n\t\t\t<div class=\"dez-info p-a20 text-center\">\r\n\t\t\t\t<h4 class=\"dez-title m-t0 text-uppercase\"><a href=\"https:\/\/luxauto.hu\/en\/product\/karavan-ablak-vontatmany-potkocsi-hajo-loszallito-lakokocsi-ablak-magas-szinezett\/\">Caravan window \u2013 towed vehicle, trailer, boat, equine transport, camper van window - high, coloured<\/a><\/h4>\r\n\t\t\t\t<h2 class=\"m-b0\">\n\t<span class=\"price\"><span class=\"woocommerce-Price-amount amount\"><bdi>58 100&nbsp;<span class=\"woocommerce-Price-currencySymbol\">&#70;&#116;<\/span><\/bdi><\/span><\/span>\n<\/h2>\r\n\t\t\t\t<div class=\"m-t20\">\r\n                    <a rel=\"nofollow\" href=\"?add-to-cart=3221\" data-quantity=\"1\" data-product_id=\"3221\" data-product_sku=\"22000092\" class=\"add_to_cart_button ajax_add_to_cart product_type_simple site-button\">Add To Cart<i class=\"fa fa-refresh fa-spin\"><\/i><\/a>\t\t\t\t<\/div>\r\n\t\t\t<\/div>\r\n\t\t\t\r\n\t\t<\/div>\r\n\t\t\t\t\t<\/div>\r\n<\/li>\r\n<li class=\"product type-product post-3205 status-publish instock product_cat-tetoablakok-es-szerelvenyeik has-post-thumbnail shipping-taxable purchasable product-type-simple\">\r\n\t<div class=\"product product-item\">\r\n\t\t\t\t<div class=\"dez-box\">\r\n\t\t\t<div class=\"dez-thum-bx  dez-img-effect\"> <img loading=\"lazy\" decoding=\"async\" width=\"300\" height=\"300\" src=\"https:\/\/luxauto.hu\/wp-content\/uploads\/2025\/07\/0_luxauto_webshop_karavan_ablak_magas_viztiszta_1210x907-300x300.jpg\" class=\"attachment-woocommerce_thumbnail size-woocommerce_thumbnail\" alt=\"\" srcset=\"https:\/\/luxauto.hu\/wp-content\/uploads\/2025\/07\/0_luxauto_webshop_karavan_ablak_magas_viztiszta_1210x907-300x300.jpg 300w, https:\/\/luxauto.hu\/wp-content\/uploads\/2025\/07\/0_luxauto_webshop_karavan_ablak_magas_viztiszta_1210x907-200x200.jpg 200w, https:\/\/luxauto.hu\/wp-content\/uploads\/2025\/07\/0_luxauto_webshop_karavan_ablak_magas_viztiszta_1210x907-450x450.jpg 450w\" sizes=\"auto, (max-width: 300px) 100vw, 300px\" \/>\t\t\t\t<div class=\"overlay-bx\">\r\n\t\t\t\t\t<div class=\"overlay-icon\"> \r\n\t\t\t\t\t\t<ul>\r\n\t\t\t\t\t\t\t<li>\r\n\t\t\t\t\t\t\t\t<a rel=\"nofollow\" href=\"?add-to-cart=3205\" data-quantity=\"1\" data-product_id=\"3205\" data-product_sku=\"22000069\" class=\"add_to_cart_button ajax_add_to_cart product_type_simple\"><i class=\"ti-shopping-cart\"><\/i><\/a>\t\t\t\t\t\t\t<\/li>\r\n\t\t\t\t\t\t\t<li>\r\n\t\t\t\t\t\t\t\t\t\t\t\t\t\t\t\t\t<div class=\"woocommerce-quick-view\">\r\n\t\t\t\t\t\t\t\t\t\t<a href=\"#\" class=\"yith-wcqv-button\" data-product_id=\"3205\"><i class=\"fa fa-search\"><\/i><\/a>\r\n\t\t\t\t\t\t\t\t\t<\/div>\r\n\t\t\t\t\t\t\t\t\t\t\t\t\t\t\t<\/li>\r\n\t\t\t\t\t\t\t<li>\r\n\t\t\t\t\t\t\t\t<div class=\"woocommerce-wishlist\">\r\n\t\t\t\t\t\t\t\t\t\t\t\t\t\t\t\t\t<\/div>\r\n\t\t\t\t\t\t\t<\/li>\r\n\t\t\t\t\t\t<\/ul>\r\n\t\t\t\t\t<\/div>\r\n\t\t\t\t<\/div>\r\n\t\t\t<\/div>\r\n\t\t\t<div class=\"dez-info p-a20 text-center\">\r\n\t\t\t\t<h4 class=\"dez-title m-t0 text-uppercase\"><a href=\"https:\/\/luxauto.hu\/en\/product\/karavan-ablak-vontatmany-potkocsi-hajo-loszallito-lakokocsi-ablak-magas-viztiszta\/\">Caravan window \u2013 towed vehicle, trailer, boat, equine transport, camper van window - high, water clear<\/a><\/h4>\r\n\t\t\t\t<h2 class=\"m-b0\">\n\t<span class=\"price\"><span class=\"woocommerce-Price-amount amount\"><bdi>58 100&nbsp;<span class=\"woocommerce-Price-currencySymbol\">&#70;&#116;<\/span><\/bdi><\/span><\/span>\n<\/h2>\r\n\t\t\t\t<div class=\"m-t20\">\r\n                    <a rel=\"nofollow\" href=\"?add-to-cart=3205\" data-quantity=\"1\" data-product_id=\"3205\" data-product_sku=\"22000069\" class=\"add_to_cart_button ajax_add_to_cart product_type_simple site-button\">Add To Cart<i class=\"fa fa-refresh fa-spin\"><\/i><\/a>\t\t\t\t<\/div>\r\n\t\t\t<\/div>\r\n\t\t\t\r\n\t\t<\/div>\r\n\t\t\t\t\t<\/div>\r\n<\/li>\r\n<li class=\"product type-product post-2186 status-publish last instock product_cat-tetoablakok-es-szerelvenyeik has-post-thumbnail shipping-taxable purchasable product-type-simple\">\r\n\t<div class=\"product product-item\">\r\n\t\t\t\t<div class=\"dez-box\">\r\n\t\t\t<div class=\"dez-thum-bx  dez-img-effect\"> <img loading=\"lazy\" decoding=\"async\" width=\"300\" height=\"300\" src=\"https:\/\/luxauto.hu\/wp-content\/uploads\/2023\/09\/0_luxauto_webshop_karavan_ablak_nyitokar-300x300.jpg\" class=\"attachment-woocommerce_thumbnail size-woocommerce_thumbnail\" alt=\"\" srcset=\"https:\/\/luxauto.hu\/wp-content\/uploads\/2023\/09\/0_luxauto_webshop_karavan_ablak_nyitokar-300x300.jpg 300w, https:\/\/luxauto.hu\/wp-content\/uploads\/2023\/09\/0_luxauto_webshop_karavan_ablak_nyitokar-200x200.jpg 200w, https:\/\/luxauto.hu\/wp-content\/uploads\/2023\/09\/0_luxauto_webshop_karavan_ablak_nyitokar-450x450.jpg 450w\" sizes=\"auto, (max-width: 300px) 100vw, 300px\" \/>\t\t\t\t<div class=\"overlay-bx\">\r\n\t\t\t\t\t<div class=\"overlay-icon\"> \r\n\t\t\t\t\t\t<ul>\r\n\t\t\t\t\t\t\t<li>\r\n\t\t\t\t\t\t\t\t<a rel=\"nofollow\" href=\"?add-to-cart=2186\" data-quantity=\"1\" data-product_id=\"2186\" data-product_sku=\"LA3SZ001_00_6X1729.001\" class=\"add_to_cart_button ajax_add_to_cart product_type_simple\"><i class=\"ti-shopping-cart\"><\/i><\/a>\t\t\t\t\t\t\t<\/li>\r\n\t\t\t\t\t\t\t<li>\r\n\t\t\t\t\t\t\t\t\t\t\t\t\t\t\t\t\t<div class=\"woocommerce-quick-view\">\r\n\t\t\t\t\t\t\t\t\t\t<a href=\"#\" class=\"yith-wcqv-button\" data-product_id=\"2186\"><i class=\"fa fa-search\"><\/i><\/a>\r\n\t\t\t\t\t\t\t\t\t<\/div>\r\n\t\t\t\t\t\t\t\t\t\t\t\t\t\t\t<\/li>\r\n\t\t\t\t\t\t\t<li>\r\n\t\t\t\t\t\t\t\t<div class=\"woocommerce-wishlist\">\r\n\t\t\t\t\t\t\t\t\t\t\t\t\t\t\t\t\t<\/div>\r\n\t\t\t\t\t\t\t<\/li>\r\n\t\t\t\t\t\t<\/ul>\r\n\t\t\t\t\t<\/div>\r\n\t\t\t\t<\/div>\r\n\t\t\t<\/div>\r\n\t\t\t<div class=\"dez-info p-a20 text-center\">\r\n\t\t\t\t<h4 class=\"dez-title m-t0 text-uppercase\"><a href=\"https:\/\/luxauto.hu\/en\/product\/vontatmany-potkocsi-hajo-loszallito-lakokocsi-ablak-nyitokar-6\/\">Caravan window, towed vehicle, trailer, boat, equine transport, camper van window \u2013 opening lever<\/a><\/h4>\r\n\t\t\t\t<h2 class=\"m-b0\">\n\t<span class=\"price\"><span class=\"woocommerce-Price-amount amount\"><bdi>7 850&nbsp;<span class=\"woocommerce-Price-currencySymbol\">&#70;&#116;<\/span><\/bdi><\/span><\/span>\n<\/h2>\r\n\t\t\t\t<div class=\"m-t20\">\r\n                    <a rel=\"nofollow\" href=\"?add-to-cart=2186\" data-quantity=\"1\" data-product_id=\"2186\" data-product_sku=\"LA3SZ001_00_6X1729.001\" class=\"add_to_cart_button ajax_add_to_cart product_type_simple site-button\">Add To Cart<i class=\"fa fa-refresh fa-spin\"><\/i><\/a>\t\t\t\t<\/div>\r\n\t\t\t<\/div>\r\n\t\t\t\r\n\t\t<\/div>\r\n\t\t\t\t\t<\/div>\r\n<\/li>\r\n<li class=\"product type-product post-2171 status-publish first instock product_cat-tetoablakok-es-szerelvenyeik has-post-thumbnail shipping-taxable purchasable product-type-simple\">\r\n\t<div class=\"product product-item\">\r\n\t\t\t\t<div class=\"dez-box\">\r\n\t\t\t<div class=\"dez-thum-bx  dez-img-effect\"> <img loading=\"lazy\" decoding=\"async\" width=\"300\" height=\"300\" src=\"https:\/\/luxauto.hu\/wp-content\/uploads\/2023\/09\/0_luxauto_webshop_Zenit_napfenyteto_teljes-300x300.jpg\" class=\"attachment-woocommerce_thumbnail size-woocommerce_thumbnail\" alt=\"\" srcset=\"https:\/\/luxauto.hu\/wp-content\/uploads\/2023\/09\/0_luxauto_webshop_Zenit_napfenyteto_teljes-300x300.jpg 300w, https:\/\/luxauto.hu\/wp-content\/uploads\/2023\/09\/0_luxauto_webshop_Zenit_napfenyteto_teljes-200x200.jpg 200w, https:\/\/luxauto.hu\/wp-content\/uploads\/2023\/09\/0_luxauto_webshop_Zenit_napfenyteto_teljes-450x450.jpg 450w\" sizes=\"auto, (max-width: 300px) 100vw, 300px\" \/>\t\t\t\t<div class=\"overlay-bx\">\r\n\t\t\t\t\t<div class=\"overlay-icon\"> \r\n\t\t\t\t\t\t<ul>\r\n\t\t\t\t\t\t\t<li>\r\n\t\t\t\t\t\t\t\t<a rel=\"nofollow\" href=\"?add-to-cart=2171\" data-quantity=\"1\" data-product_id=\"2171\" data-product_sku=\"22000057\" class=\"add_to_cart_button ajax_add_to_cart product_type_simple\"><i class=\"ti-shopping-cart\"><\/i><\/a>\t\t\t\t\t\t\t<\/li>\r\n\t\t\t\t\t\t\t<li>\r\n\t\t\t\t\t\t\t\t\t\t\t\t\t\t\t\t\t<div class=\"woocommerce-quick-view\">\r\n\t\t\t\t\t\t\t\t\t\t<a href=\"#\" class=\"yith-wcqv-button\" data-product_id=\"2171\"><i class=\"fa fa-search\"><\/i><\/a>\r\n\t\t\t\t\t\t\t\t\t<\/div>\r\n\t\t\t\t\t\t\t\t\t\t\t\t\t\t\t<\/li>\r\n\t\t\t\t\t\t\t<li>\r\n\t\t\t\t\t\t\t\t<div class=\"woocommerce-wishlist\">\r\n\t\t\t\t\t\t\t\t\t\t\t\t\t\t\t\t\t<\/div>\r\n\t\t\t\t\t\t\t<\/li>\r\n\t\t\t\t\t\t<\/ul>\r\n\t\t\t\t\t<\/div>\r\n\t\t\t\t<\/div>\r\n\t\t\t<\/div>\r\n\t\t\t<div class=\"dez-info p-a20 text-center\">\r\n\t\t\t\t<h4 class=\"dez-title m-t0 text-uppercase\"><a href=\"https:\/\/luxauto.hu\/en\/product\/zenit-auto-tetoablak-also-dekoracios-kerettel\/\">Zenit car roof window with lower decorating frame<\/a><\/h4>\r\n\t\t\t\t<h2 class=\"m-b0\">\n\t<span class=\"price\"><span class=\"woocommerce-Price-amount amount\"><bdi>85 450&nbsp;<span class=\"woocommerce-Price-currencySymbol\">&#70;&#116;<\/span><\/bdi><\/span><\/span>\n<\/h2>\r\n\t\t\t\t<div class=\"m-t20\">\r\n                    <a rel=\"nofollow\" href=\"?add-to-cart=2171\" data-quantity=\"1\" data-product_id=\"2171\" data-product_sku=\"22000057\" class=\"add_to_cart_button ajax_add_to_cart product_type_simple site-button\">Add To Cart<i class=\"fa fa-refresh fa-spin\"><\/i><\/a>\t\t\t\t<\/div>\r\n\t\t\t<\/div>\r\n\t\t\t\r\n\t\t<\/div>\r\n\t\t\t\t\t<\/div>\r\n<\/li>\r\n<li class=\"product type-product post-2187 status-publish instock product_cat-tetoablakok-es-szerelvenyeik has-post-thumbnail shipping-taxable purchasable product-type-simple\">\r\n\t<div class=\"product product-item\">\r\n\t\t\t\t<div class=\"dez-box\">\r\n\t\t\t<div class=\"dez-thum-bx  dez-img-effect\"> <img loading=\"lazy\" decoding=\"async\" width=\"300\" height=\"300\" src=\"https:\/\/luxauto.hu\/wp-content\/uploads\/2023\/09\/0_luxauto_webshop_Zenit_napfenyteto_nyitomechanika_rogzitesnelkul-300x300.jpg\" class=\"attachment-woocommerce_thumbnail size-woocommerce_thumbnail\" alt=\"\" srcset=\"https:\/\/luxauto.hu\/wp-content\/uploads\/2023\/09\/0_luxauto_webshop_Zenit_napfenyteto_nyitomechanika_rogzitesnelkul-300x300.jpg 300w, https:\/\/luxauto.hu\/wp-content\/uploads\/2023\/09\/0_luxauto_webshop_Zenit_napfenyteto_nyitomechanika_rogzitesnelkul-200x200.jpg 200w, https:\/\/luxauto.hu\/wp-content\/uploads\/2023\/09\/0_luxauto_webshop_Zenit_napfenyteto_nyitomechanika_rogzitesnelkul-450x450.jpg 450w\" sizes=\"auto, (max-width: 300px) 100vw, 300px\" \/>\t\t\t\t<div class=\"overlay-bx\">\r\n\t\t\t\t\t<div class=\"overlay-icon\"> \r\n\t\t\t\t\t\t<ul>\r\n\t\t\t\t\t\t\t<li>\r\n\t\t\t\t\t\t\t\t<a rel=\"nofollow\" href=\"?add-to-cart=2187\" data-quantity=\"1\" data-product_id=\"2187\" data-product_sku=\"ZANY.\" class=\"add_to_cart_button ajax_add_to_cart product_type_simple\"><i class=\"ti-shopping-cart\"><\/i><\/a>\t\t\t\t\t\t\t<\/li>\r\n\t\t\t\t\t\t\t<li>\r\n\t\t\t\t\t\t\t\t\t\t\t\t\t\t\t\t\t<div class=\"woocommerce-quick-view\">\r\n\t\t\t\t\t\t\t\t\t\t<a href=\"#\" class=\"yith-wcqv-button\" data-product_id=\"2187\"><i class=\"fa fa-search\"><\/i><\/a>\r\n\t\t\t\t\t\t\t\t\t<\/div>\r\n\t\t\t\t\t\t\t\t\t\t\t\t\t\t\t<\/li>\r\n\t\t\t\t\t\t\t<li>\r\n\t\t\t\t\t\t\t\t<div class=\"woocommerce-wishlist\">\r\n\t\t\t\t\t\t\t\t\t\t\t\t\t\t\t\t\t<\/div>\r\n\t\t\t\t\t\t\t<\/li>\r\n\t\t\t\t\t\t<\/ul>\r\n\t\t\t\t\t<\/div>\r\n\t\t\t\t<\/div>\r\n\t\t\t<\/div>\r\n\t\t\t<div class=\"dez-info p-a20 text-center\">\r\n\t\t\t\t<h4 class=\"dez-title m-t0 text-uppercase\"><a href=\"https:\/\/luxauto.hu\/en\/product\/zenit-auto-tetoablak-tekeros-nyitomechanizmus-15\/\">Zenit twister opening mechanism without holding elements<\/a><\/h4>\r\n\t\t\t\t<h2 class=\"m-b0\">\n\t<span class=\"price\"><span class=\"woocommerce-Price-amount amount\"><bdi>14 600&nbsp;<span class=\"woocommerce-Price-currencySymbol\">&#70;&#116;<\/span><\/bdi><\/span><\/span>\n<\/h2>\r\n\t\t\t\t<div class=\"m-t20\">\r\n                    <a rel=\"nofollow\" href=\"?add-to-cart=2187\" data-quantity=\"1\" data-product_id=\"2187\" data-product_sku=\"ZANY.\" class=\"add_to_cart_button ajax_add_to_cart product_type_simple site-button\">Add To Cart<i class=\"fa fa-refresh fa-spin\"><\/i><\/a>\t\t\t\t<\/div>\r\n\t\t\t<\/div>\r\n\t\t\t\r\n\t\t<\/div>\r\n\t\t\t\t\t<\/div>\r\n<\/li>\r\n<li class=\"product type-product post-2189 status-publish instock product_cat-tetoablakok-es-szerelvenyeik has-post-thumbnail shipping-taxable purchasable product-type-simple\">\r\n\t<div class=\"product product-item\">\r\n\t\t\t\t<div class=\"dez-box\">\r\n\t\t\t<div class=\"dez-thum-bx  dez-img-effect\"> <img loading=\"lazy\" decoding=\"async\" width=\"300\" height=\"300\" src=\"https:\/\/luxauto.hu\/wp-content\/uploads\/2023\/09\/0_luxauto_webshop_Zenit_napfenyteto_nyitomechanika_rogzitoelemekkel-300x300.jpg\" class=\"attachment-woocommerce_thumbnail size-woocommerce_thumbnail\" alt=\"\" srcset=\"https:\/\/luxauto.hu\/wp-content\/uploads\/2023\/09\/0_luxauto_webshop_Zenit_napfenyteto_nyitomechanika_rogzitoelemekkel-300x300.jpg 300w, https:\/\/luxauto.hu\/wp-content\/uploads\/2023\/09\/0_luxauto_webshop_Zenit_napfenyteto_nyitomechanika_rogzitoelemekkel-200x200.jpg 200w, https:\/\/luxauto.hu\/wp-content\/uploads\/2023\/09\/0_luxauto_webshop_Zenit_napfenyteto_nyitomechanika_rogzitoelemekkel-450x450.jpg 450w\" sizes=\"auto, (max-width: 300px) 100vw, 300px\" \/>\t\t\t\t<div class=\"overlay-bx\">\r\n\t\t\t\t\t<div class=\"overlay-icon\"> \r\n\t\t\t\t\t\t<ul>\r\n\t\t\t\t\t\t\t<li>\r\n\t\t\t\t\t\t\t\t<a rel=\"nofollow\" href=\"?add-to-cart=2189\" data-quantity=\"1\" data-product_id=\"2189\" data-product_sku=\"22000052\" class=\"add_to_cart_button ajax_add_to_cart product_type_simple\"><i class=\"ti-shopping-cart\"><\/i><\/a>\t\t\t\t\t\t\t<\/li>\r\n\t\t\t\t\t\t\t<li>\r\n\t\t\t\t\t\t\t\t\t\t\t\t\t\t\t\t\t<div class=\"woocommerce-quick-view\">\r\n\t\t\t\t\t\t\t\t\t\t<a href=\"#\" class=\"yith-wcqv-button\" data-product_id=\"2189\"><i class=\"fa fa-search\"><\/i><\/a>\r\n\t\t\t\t\t\t\t\t\t<\/div>\r\n\t\t\t\t\t\t\t\t\t\t\t\t\t\t\t<\/li>\r\n\t\t\t\t\t\t\t<li>\r\n\t\t\t\t\t\t\t\t<div class=\"woocommerce-wishlist\">\r\n\t\t\t\t\t\t\t\t\t\t\t\t\t\t\t\t\t<\/div>\r\n\t\t\t\t\t\t\t<\/li>\r\n\t\t\t\t\t\t<\/ul>\r\n\t\t\t\t\t<\/div>\r\n\t\t\t\t<\/div>\r\n\t\t\t<\/div>\r\n\t\t\t<div class=\"dez-info p-a20 text-center\">\r\n\t\t\t\t<h4 class=\"dez-title m-t0 text-uppercase\"><a href=\"https:\/\/luxauto.hu\/en\/product\/zenit-auto-tetoablak-tekeros-nyitomechanizmus-16\/\">Zenit twister opening mechanism with holding elements completely<\/a><\/h4>\r\n\t\t\t\t<h2 class=\"m-b0\">\n\t<span class=\"price\"><span class=\"woocommerce-Price-amount amount\"><bdi>18 750&nbsp;<span class=\"woocommerce-Price-currencySymbol\">&#70;&#116;<\/span><\/bdi><\/span><\/span>\n<\/h2>\r\n\t\t\t\t<div class=\"m-t20\">\r\n                    <a rel=\"nofollow\" href=\"?add-to-cart=2189\" data-quantity=\"1\" data-product_id=\"2189\" data-product_sku=\"22000052\" class=\"add_to_cart_button ajax_add_to_cart product_type_simple site-button\">Add To Cart<i class=\"fa fa-refresh fa-spin\"><\/i><\/a>\t\t\t\t<\/div>\r\n\t\t\t<\/div>\r\n\t\t\t\r\n\t\t<\/div>\r\n\t\t\t\t\t<\/div>\r\n<\/li>\r\n<li class=\"product type-product post-2185 status-publish last instock product_cat-tetoablakok-es-szerelvenyeik has-post-thumbnail shipping-taxable purchasable product-type-simple\">\r\n\t<div class=\"product product-item\">\r\n\t\t\t\t<div class=\"dez-box\">\r\n\t\t\t<div class=\"dez-thum-bx  dez-img-effect\"> <img loading=\"lazy\" decoding=\"async\" width=\"300\" height=\"300\" src=\"https:\/\/luxauto.hu\/wp-content\/uploads\/2023\/09\/0_luxauto_Zenit_napfenyteto_uveg_szerelvenyeivel_potalkatresz-300x300.jpg\" class=\"attachment-woocommerce_thumbnail size-woocommerce_thumbnail\" alt=\"\" srcset=\"https:\/\/luxauto.hu\/wp-content\/uploads\/2023\/09\/0_luxauto_Zenit_napfenyteto_uveg_szerelvenyeivel_potalkatresz-300x300.jpg 300w, https:\/\/luxauto.hu\/wp-content\/uploads\/2023\/09\/0_luxauto_Zenit_napfenyteto_uveg_szerelvenyeivel_potalkatresz-200x200.jpg 200w, https:\/\/luxauto.hu\/wp-content\/uploads\/2023\/09\/0_luxauto_Zenit_napfenyteto_uveg_szerelvenyeivel_potalkatresz-450x450.jpg 450w\" sizes=\"auto, (max-width: 300px) 100vw, 300px\" \/>\t\t\t\t<div class=\"overlay-bx\">\r\n\t\t\t\t\t<div class=\"overlay-icon\"> \r\n\t\t\t\t\t\t<ul>\r\n\t\t\t\t\t\t\t<li>\r\n\t\t\t\t\t\t\t\t<a rel=\"nofollow\" href=\"?add-to-cart=2185\" data-quantity=\"1\" data-product_id=\"2185\" data-product_sku=\"ZASZU\" class=\"add_to_cart_button ajax_add_to_cart product_type_simple\"><i class=\"ti-shopping-cart\"><\/i><\/a>\t\t\t\t\t\t\t<\/li>\r\n\t\t\t\t\t\t\t<li>\r\n\t\t\t\t\t\t\t\t\t\t\t\t\t\t\t\t\t<div class=\"woocommerce-quick-view\">\r\n\t\t\t\t\t\t\t\t\t\t<a href=\"#\" class=\"yith-wcqv-button\" data-product_id=\"2185\"><i class=\"fa fa-search\"><\/i><\/a>\r\n\t\t\t\t\t\t\t\t\t<\/div>\r\n\t\t\t\t\t\t\t\t\t\t\t\t\t\t\t<\/li>\r\n\t\t\t\t\t\t\t<li>\r\n\t\t\t\t\t\t\t\t<div class=\"woocommerce-wishlist\">\r\n\t\t\t\t\t\t\t\t\t\t\t\t\t\t\t\t\t<\/div>\r\n\t\t\t\t\t\t\t<\/li>\r\n\t\t\t\t\t\t<\/ul>\r\n\t\t\t\t\t<\/div>\r\n\t\t\t\t<\/div>\r\n\t\t\t<\/div>\r\n\t\t\t<div class=\"dez-info p-a20 text-center\">\r\n\t\t\t\t<h4 class=\"dez-title m-t0 text-uppercase\"><a href=\"https:\/\/luxauto.hu\/en\/product\/zenit-uveg-szerelvenyeivel-potalkatresz\/\">Zenit glass with its fittings Spare part<\/a><\/h4>\r\n\t\t\t\t<h2 class=\"m-b0\">\n\t<span class=\"price\"><span class=\"woocommerce-Price-amount amount\"><bdi>31 100&nbsp;<span class=\"woocommerce-Price-currencySymbol\">&#70;&#116;<\/span><\/bdi><\/span><\/span>\n<\/h2>\r\n\t\t\t\t<div class=\"m-t20\">\r\n                    <a rel=\"nofollow\" href=\"?add-to-cart=2185\" data-quantity=\"1\" data-product_id=\"2185\" data-product_sku=\"ZASZU\" class=\"add_to_cart_button ajax_add_to_cart product_type_simple site-button\">Add To Cart<i class=\"fa fa-refresh fa-spin\"><\/i><\/a>\t\t\t\t<\/div>\r\n\t\t\t<\/div>\r\n\t\t\t\r\n\t\t<\/div>\r\n\t\t\t\t\t<\/div>\r\n<\/li><\/ul>\n<\/div><\/div><\/div><\/div><\/div>\n<\/div>","protected":false},"excerpt":{"rendered":"Karav\u00e1n ablak &#8211; vontatm\u00e1ny, p\u00f3tkocsi, haj\u00f3, l\u00f3sz\u00e1ll\u00edt\u00f3, lak\u00f3kocsi ablak 58 100&nbsp;&#70;&#116; Add To Cart Karav\u00e1n ablak &#8211; vontatm\u00e1ny, p\u00f3tkocsi, haj\u00f3, l\u00f3sz\u00e1ll\u00edt\u00f3, lak\u00f3kocsi ablak &#8211; magas, sz\u00ednezett 58 100&nbsp;&#70;&#116; Add To Cart Karav\u00e1n ablak &#8211; vontatm\u00e1ny, p\u00f3tkocsi, haj\u00f3, l\u00f3sz\u00e1ll\u00edt\u00f3, lak\u00f3kocsi ablak &#8211; magas, v\u00edztiszta 58 100&nbsp;&#70;&#116; Add To Cart Karav\u00e1n ablak, vontatm\u00e1ny, p\u00f3tkocsi, haj\u00f3, l\u00f3sz\u00e1ll\u00edt\u00f3, lak\u00f3kocsi [...]","protected":false},"author":1,"featured_media":0,"parent":0,"menu_order":0,"comment_status":"closed","ping_status":"closed","template":"bheem_homepage.php","meta":{"footnotes":""},"class_list":["post-2134","page","type-page","status-publish","hentry"],"_links":{"self":[{"href":"https:\/\/luxauto.hu\/en\/wp-json\/wp\/v2\/pages\/2134","targetHints":{"allow":["GET"]}}],"collection":[{"href":"https:\/\/luxauto.hu\/en\/wp-json\/wp\/v2\/pages"}],"about":[{"href":"https:\/\/luxauto.hu\/en\/wp-json\/wp\/v2\/types\/page"}],"author":[{"embeddable":true,"href":"https:\/\/luxauto.hu\/en\/wp-json\/wp\/v2\/users\/1"}],"replies":[{"embeddable":true,"href":"https:\/\/luxauto.hu\/en\/wp-json\/wp\/v2\/comments?post=2134"}],"version-history":[{"count":22,"href":"https:\/\/luxauto.hu\/en\/wp-json\/wp\/v2\/pages\/2134\/revisions"}],"predecessor-version":[{"id":3238,"href":"https:\/\/luxauto.hu\/en\/wp-json\/wp\/v2\/pages\/2134\/revisions\/3238"}],"wp:attachment":[{"href":"https:\/\/luxauto.hu\/en\/wp-json\/wp\/v2\/media?parent=2134"}],"curies":[{"name":"wp","href":"https:\/\/api.w.org\/{rel}","templated":true}]}}