{"id":2933,"date":"2024-06-05T08:54:47","date_gmt":"2024-06-05T08:54:47","guid":{"rendered":"https:\/\/luxauto.hu\/?page_id=2933"},"modified":"2024-07-04T14:42:39","modified_gmt":"2024-07-04T14:42:39","slug":"tetoablak-szerelvenyezes-utmutato","status":"publish","type":"page","link":"https:\/\/luxauto.hu\/en\/tetoablak-szerelvenyezes-utmutato\/","title":{"rendered":"Tet\u0151ablak beszerel\u00e9s \u00fatmutat\u00f3"},"content":{"rendered":"<div class=\"wpb-content-wrapper\"><div  class=\"vc_row wpb_row vc_row-fluid\" ><div class=\"wpb_column vc_column_container vc_col-sm-12\"><div class=\"vc_column-inner\"><div class=\"wpb_wrapper\">\n\t<div class=\"wpb_text_column wpb_content_element\" >\n\t\t<div class=\"wpb_wrapper\">\n\t\t\t<div class=\"shortcode\"><div class=\"align wp-block-svp-video-player\" id='svpVideoPlayer-1' data-attributes='{&quot;align&quot;:&quot;&quot;,&quot;options&quot;:{&quot;controls&quot;:{&quot;play-large&quot;:true,&quot;restart&quot;:true,&quot;rewind&quot;:true,&quot;play&quot;:true,&quot;fast-forward&quot;:true,&quot;progress&quot;:true,&quot;current-time&quot;:true,&quot;mute&quot;:true,&quot;volume&quot;:true,&quot;captions&quot;:true,&quot;settings&quot;:true,&quot;pip&quot;:true,&quot;download&quot;:true,&quot;fullscreen&quot;:true},&quot;autoPlay&quot;:false,&quot;clickToPlay&quot;:true,&quot;muted&quot;:false,&quot;volume&quot;:0.5,&quot;seekTime&quot;:10,&quot;repeat&quot;:false,&quot;isAutoNextVideo&quot;:false,&quot;toolTip&quot;:true,&quot;isControl&quot;:true,&quot;shadowControl&quot;:true},&quot;videos&quot;:[{&quot;src&quot;:&quot;https:\\\/\\\/luxauto.hu\\\/wp-content\\\/uploads\\\/2024\\\/06\\\/luxszereles.mp4&quot;,&quot;title&quot;:&quot;type your video title here&quot;,&quot;poster&quot;:&quot;&quot;,&quot;description&quot;:&quot;Don\\u2019t forget to like, comment, and subscribe for more fun episodes!&quot;,&quot;customDownloadButton&quot;:false,&quot;isCustomTitle&quot;:false,&quot;customDownloadUrl&quot;:&quot;&quot;,&quot;qualities&quot;:[],&quot;captions&quot;:[]}],&quot;videoSize&quot;:{&quot;width&quot;:{&quot;desktop&quot;:&quot;100%&quot;,&quot;tablet&quot;:&quot;100%&quot;,&quot;mobile&quot;:&quot;100%&quot;},&quot;height&quot;:{&quot;desktop&quot;:&quot;&quot;,&quot;tablet&quot;:&quot;&quot;,&quot;mobile&quot;:&quot;&quot;}},&quot;thumbnailSize&quot;:{&quot;width&quot;:{&quot;desktop&quot;:&quot;100%&quot;,&quot;tablet&quot;:&quot;100%&quot;,&quot;mobile&quot;:&quot;100%&quot;},&quot;height&quot;:{&quot;desktop&quot;:&quot;82px&quot;,&quot;tablet&quot;:&quot;&quot;,&quot;mobile&quot;:&quot;&quot;}},&quot;playlist&quot;:false,&quot;themes&quot;:{&quot;theme&quot;:&quot;default&quot;},&quot;tabStyles&quot;:{&quot;activeBg&quot;:&quot;#334155&quot;,&quot;activeTitleColor&quot;:&quot;#fff&quot;,&quot;activeDesColor&quot;:&quot;#fff&quot;,&quot;inactiveBg&quot;:&quot;#F0F5FA&quot;,&quot;inactiveTitleColor&quot;:&quot;#3D8D7A&quot;,&quot;inactiveDesColor&quot;:&quot;#585a5c&quot;,&quot;durationTimeColor&quot;:&quot;#fff&quot;,&quot;durationBg&quot;:&quot;#000&quot;},&quot;captionstyles&quot;:{&quot;color&quot;:&quot;#ffffff&quot;,&quot;bg&quot;:&quot;rgba(0,0,0,0.7)&quot;},&quot;captionTypo&quot;:{&quot;fontSize&quot;:{&quot;desktop&quot;:&quot;18px&quot;,&quot;tablet&quot;:&quot;18px&quot;,&quot;mobile&quot;:&quot;18px&quot;},&quot;fontFamily&quot;:&quot;inherit&quot;,&quot;lineHeight&quot;:&quot;1.4&quot;,&quot;fontWeight&quot;:&quot;400&quot;,&quot;textTransform&quot;:&quot;none&quot;},&quot;titleTypo&quot;:{&quot;fontSize&quot;:{&quot;desktop&quot;:15,&quot;tablet&quot;:13,&quot;mobile&quot;:12}},&quot;descriptionTypo&quot;:{&quot;fontSize&quot;:{&quot;desktop&quot;:14,&quot;tablet&quot;:12,&quot;mobile&quot;:10}},&quot;durationTypo&quot;:{&quot;fontSize&quot;:{&quot;desktop&quot;:14,&quot;tablet&quot;:12,&quot;mobile&quot;:10}},&quot;viewersTypo&quot;:{&quot;fontSize&quot;:{&quot;desktop&quot;:14,&quot;tablet&quot;:12,&quot;mobile&quot;:10}},&quot;alignment&quot;:&quot;center&quot;,&quot;textAlign&quot;:&quot;center&quot;,&quot;background&quot;:{&quot;color&quot;:&quot;#0000&quot;},&quot;scrollBg&quot;:&quot;#3D8D7A&quot;,&quot;content&quot;:&quot;Content of the block&quot;,&quot;typography&quot;:{&quot;fontSize&quot;:20},&quot;color&quot;:&quot;#333&quot;,&quot;colors&quot;:{&quot;color&quot;:&quot;#333&quot;,&quot;bg&quot;:&quot;#fff&quot;},&quot;img&quot;:{&quot;id&quot;:null,&quot;url&quot;:&quot;&quot;,&quot;alt&quot;:&quot;&quot;,&quot;title&quot;:&quot;&quot;},&quot;padding&quot;:{&quot;top&quot;:&quot;15px&quot;,&quot;right&quot;:&quot;30px&quot;,&quot;bottom&quot;:&quot;15px&quot;,&quot;left&quot;:&quot;30px&quot;},&quot;margin&quot;:{&quot;top&quot;:&quot;0px&quot;,&quot;right&quot;:&quot;0px&quot;,&quot;bottom&quot;:&quot;15px&quot;,&quot;left&quot;:&quot;0px&quot;},&quot;border&quot;:{&quot;width&quot;:&quot;0px&quot;,&quot;style&quot;:&quot;solid&quot;,&quot;color&quot;:&quot;#000000&quot;,&quot;radius&quot;:&quot;0px&quot;},&quot;shadow&quot;:[],&quot;layout&quot;:&quot;vertical&quot;}'><\/div><\/div>\n\n\t\t<\/div>\n\t<\/div>\n\n\t<div class=\"wpb_text_column wpb_content_element\" >\n\t\t<div class=\"wpb_wrapper\">\n\t\t\t<div class=\"shortcode\">\n<div class=\"shortcode\"><div class=\"align wp-block-svp-video-player\" id='svpVideoPlayer-2' data-attributes='{&quot;align&quot;:&quot;&quot;,&quot;options&quot;:{&quot;controls&quot;:{&quot;play-large&quot;:true,&quot;restart&quot;:true,&quot;rewind&quot;:true,&quot;play&quot;:true,&quot;fast-forward&quot;:true,&quot;progress&quot;:true,&quot;current-time&quot;:true,&quot;mute&quot;:true,&quot;volume&quot;:true,&quot;captions&quot;:true,&quot;settings&quot;:true,&quot;pip&quot;:true,&quot;download&quot;:true,&quot;fullscreen&quot;:true},&quot;autoPlay&quot;:false,&quot;clickToPlay&quot;:true,&quot;muted&quot;:false,&quot;volume&quot;:0.5,&quot;seekTime&quot;:10,&quot;repeat&quot;:false,&quot;isAutoNextVideo&quot;:false,&quot;toolTip&quot;:true,&quot;isControl&quot;:true,&quot;shadowControl&quot;:true},&quot;videos&quot;:[{&quot;src&quot;:&quot;https:\\\/\\\/luxauto.hu\\\/wp-content\\\/uploads\\\/2024\\\/07\\\/Lux_installation_video_EN_Lux_logo.mov&quot;,&quot;title&quot;:&quot;type your video title here&quot;,&quot;poster&quot;:&quot;&quot;,&quot;description&quot;:&quot;Don\\u2019t forget to like, comment, and subscribe for more fun episodes!&quot;,&quot;customDownloadButton&quot;:false,&quot;isCustomTitle&quot;:false,&quot;customDownloadUrl&quot;:&quot;&quot;,&quot;qualities&quot;:[],&quot;captions&quot;:[]}],&quot;videoSize&quot;:{&quot;width&quot;:{&quot;desktop&quot;:&quot;100%&quot;,&quot;tablet&quot;:&quot;100%&quot;,&quot;mobile&quot;:&quot;100%&quot;},&quot;height&quot;:{&quot;desktop&quot;:&quot;&quot;,&quot;tablet&quot;:&quot;&quot;,&quot;mobile&quot;:&quot;&quot;}},&quot;thumbnailSize&quot;:{&quot;width&quot;:{&quot;desktop&quot;:&quot;100%&quot;,&quot;tablet&quot;:&quot;100%&quot;,&quot;mobile&quot;:&quot;100%&quot;},&quot;height&quot;:{&quot;desktop&quot;:&quot;82px&quot;,&quot;tablet&quot;:&quot;&quot;,&quot;mobile&quot;:&quot;&quot;}},&quot;playlist&quot;:false,&quot;themes&quot;:{&quot;theme&quot;:&quot;default&quot;},&quot;tabStyles&quot;:{&quot;activeBg&quot;:&quot;#334155&quot;,&quot;activeTitleColor&quot;:&quot;#fff&quot;,&quot;activeDesColor&quot;:&quot;#fff&quot;,&quot;inactiveBg&quot;:&quot;#F0F5FA&quot;,&quot;inactiveTitleColor&quot;:&quot;#3D8D7A&quot;,&quot;inactiveDesColor&quot;:&quot;#585a5c&quot;,&quot;durationTimeColor&quot;:&quot;#fff&quot;,&quot;durationBg&quot;:&quot;#000&quot;},&quot;captionstyles&quot;:{&quot;color&quot;:&quot;#ffffff&quot;,&quot;bg&quot;:&quot;rgba(0,0,0,0.7)&quot;},&quot;captionTypo&quot;:{&quot;fontSize&quot;:{&quot;desktop&quot;:&quot;18px&quot;,&quot;tablet&quot;:&quot;18px&quot;,&quot;mobile&quot;:&quot;18px&quot;},&quot;fontFamily&quot;:&quot;inherit&quot;,&quot;lineHeight&quot;:&quot;1.4&quot;,&quot;fontWeight&quot;:&quot;400&quot;,&quot;textTransform&quot;:&quot;none&quot;},&quot;titleTypo&quot;:{&quot;fontSize&quot;:{&quot;desktop&quot;:15,&quot;tablet&quot;:13,&quot;mobile&quot;:12}},&quot;descriptionTypo&quot;:{&quot;fontSize&quot;:{&quot;desktop&quot;:14,&quot;tablet&quot;:12,&quot;mobile&quot;:10}},&quot;durationTypo&quot;:{&quot;fontSize&quot;:{&quot;desktop&quot;:14,&quot;tablet&quot;:12,&quot;mobile&quot;:10}},&quot;viewersTypo&quot;:{&quot;fontSize&quot;:{&quot;desktop&quot;:14,&quot;tablet&quot;:12,&quot;mobile&quot;:10}},&quot;alignment&quot;:&quot;center&quot;,&quot;textAlign&quot;:&quot;center&quot;,&quot;background&quot;:{&quot;color&quot;:&quot;#0000&quot;},&quot;scrollBg&quot;:&quot;#3D8D7A&quot;,&quot;content&quot;:&quot;Content of the block&quot;,&quot;typography&quot;:{&quot;fontSize&quot;:20},&quot;color&quot;:&quot;#333&quot;,&quot;colors&quot;:{&quot;color&quot;:&quot;#333&quot;,&quot;bg&quot;:&quot;#fff&quot;},&quot;img&quot;:{&quot;id&quot;:null,&quot;url&quot;:&quot;&quot;,&quot;alt&quot;:&quot;&quot;,&quot;title&quot;:&quot;&quot;},&quot;padding&quot;:{&quot;top&quot;:&quot;15px&quot;,&quot;right&quot;:&quot;30px&quot;,&quot;bottom&quot;:&quot;15px&quot;,&quot;left&quot;:&quot;30px&quot;},&quot;margin&quot;:{&quot;top&quot;:&quot;0px&quot;,&quot;right&quot;:&quot;0px&quot;,&quot;bottom&quot;:&quot;15px&quot;,&quot;left&quot;:&quot;0px&quot;},&quot;border&quot;:{&quot;width&quot;:&quot;0px&quot;,&quot;style&quot;:&quot;solid&quot;,&quot;color&quot;:&quot;#000000&quot;,&quot;radius&quot;:&quot;0px&quot;},&quot;shadow&quot;:[],&quot;layout&quot;:&quot;vertical&quot;}'><\/div><\/div>\n<\/div>\n\n\t\t<\/div>\n\t<\/div>\n<\/div><\/div><\/div><\/div>\n<\/div>","protected":false},"excerpt":{"rendered":"","protected":false},"author":1,"featured_media":0,"parent":0,"menu_order":0,"comment_status":"closed","ping_status":"closed","template":"","meta":{"footnotes":""},"class_list":["post-2933","page","type-page","status-publish","hentry"],"_links":{"self":[{"href":"https:\/\/luxauto.hu\/en\/wp-json\/wp\/v2\/pages\/2933","targetHints":{"allow":["GET"]}}],"collection":[{"href":"https:\/\/luxauto.hu\/en\/wp-json\/wp\/v2\/pages"}],"about":[{"href":"https:\/\/luxauto.hu\/en\/wp-json\/wp\/v2\/types\/page"}],"author":[{"embeddable":true,"href":"https:\/\/luxauto.hu\/en\/wp-json\/wp\/v2\/users\/1"}],"replies":[{"embeddable":true,"href":"https:\/\/luxauto.hu\/en\/wp-json\/wp\/v2\/comments?post=2933"}],"version-history":[{"count":4,"href":"https:\/\/luxauto.hu\/en\/wp-json\/wp\/v2\/pages\/2933\/revisions"}],"predecessor-version":[{"id":3037,"href":"https:\/\/luxauto.hu\/en\/wp-json\/wp\/v2\/pages\/2933\/revisions\/3037"}],"wp:attachment":[{"href":"https:\/\/luxauto.hu\/en\/wp-json\/wp\/v2\/media?parent=2933"}],"curies":[{"name":"wp","href":"https:\/\/api.w.org\/{rel}","templated":true}]}}