{"id":2171,"date":"2023-09-05T07:27:05","date_gmt":"2023-09-05T07:27:05","guid":{"rendered":"https:\/\/luxauto.alpin-it.hu\/?post_type=product&#038;p=2171"},"modified":"2025-10-27T18:38:45","modified_gmt":"2025-10-27T18:38:45","slug":"zenit-auto-tetoablak-also-dekoracios-kerettel","status":"publish","type":"product","link":"https:\/\/luxauto.hu\/en\/product\/zenit-auto-tetoablak-also-dekoracios-kerettel\/","title":{"rendered":"Zenit car roof window with lower decorating frame"},"content":{"rendered":"<p>This is the complete Zenit sunroof.<\/p>\n<p>The sunlight heats up the interior of the car, and the heated air can only escape noiselessly and draft-free using the sunroof. In the case of the Zenit, the wind creates a vacuum, a pulling effect is generated at the sunroof, so the heated air \u2013 like warm air in all cases \u2013 flows out of the car through the Zenit.<\/p>\n<p>The sunroof eliminates the negative properties of air conditioners. Although the A\/C cools well in temperatures as high as 40 degree Celsius ( = 104 \u00b0F ), but it dries the air, which can cause respiratory and sinus infections for sensitive people. The A\/C requires constant maintenance, it must be disinfected and checked the refrigerant gas annually, moreover it even consumes fuel. It significantly reduces the performance of older cars. In contrast, the sunroof does not require any special maintenance and does not consume energy. It changes air without drafts, and in addition is almost noise-free up to 120 km\/h. It is also used as an optical tuning element for many cars. Its design is particularly benefical for smokers in the car.<\/p>\n<p>On our glasses of sunroofs is the DOT, EU Ministry of Transport mark which meets US and EU standards.<br \/>\n(EU) European Standardization Identification Number: HS TEMPERED \/ E7 43R-011317<br \/>\n(USA) United States of America Standardization Identification Number: HS TEMPERED \/ DOT-663 AS3 M5539<br \/>\nAt the Ministry of Transport test, you only have to prove these numbers which are on the glass. No other standard license is required for its use.<\/p>\n<p>Its main components are:<\/p>\n<p>\u2013 the upper frame is an outdoor window frame, which is equipped with a silicone-based plastic sealing profile,<br \/>\n\u2013 the bottom frame, this is the indoor fixing frame,<br \/>\n\u2013 the decorating cover element, which aims the interior ceiling upholstering and the window aesthetic fitting,<br \/>\n\u2013 the tempered, tinted glass,<br \/>\n\u2013 the opening mechanism, which performs glass lifting and lowering tasks.<\/p>\n<p>The assembled glass and the opening mechanism also can be purchased as separate products.<\/p>\n<p>When purchasing on our website in small quantities the indicated type of sunroof, glass spare part or the associated opening mechanism can be purchased separately. In the case of series production we can provide a window designed according to individual needs.<br \/>\nIt can be installed without any problems in the majority of vehicles that can be put on the market in Europe. Primarily, the design of the roof of the vehicle determines the installation.<\/p>\n<p><em>Recommended installation workshops by us:<br \/>\n\u2013 F\u00e9mtech 2007 Kft., 5361 Tiszaigar, V\u00f6r\u00f6smarty \u00fat 10.\/B, Tel.: +36 70 612 2375, E-mail: sveda.timea@citromail.hu<br \/>\n&#8211; Tit\u00e1n-Mobil Aut\u00f3jav\u00edt\u00f3 Kft., 8900 Zalaegerszeg, Posta \u00fat 54., Tel.: +36 30 262 5141, E-mail: janikakipufogo@gmail.com<br \/>\n&#8211; 3H 2006 Kft., Hegyk\u00f6zi Ferenc, 6800 H\u00f3dmez\u0151v\u00e1s\u00e1rhely, Tulip\u00e1n utca 45., Tel.: +36 30 973 3599<br \/>\n&#8211; Silverphone Bt., 2194 Tura, R\u00f3zsa utca 4., Tel.: +36 30 910 6500<br \/>\n&#8211; Szonax-F\u00e9m Kft., 8060 M\u00f3r, J\u00f3zsef Attila utca 68., Tel.: +36 30 252 0154<\/em><\/p>\n<p class=\" translation-block\">If you have questions or look for a different solution for your vehicle, <a href=\"https:\/\/luxauto.hu\/kapcsolat\/\" target=\"_self\"><u>get in touch<\/u><\/a> and we will help!<\/p>","protected":false},"excerpt":{"rendered":"<p>The price includes VAT.<\/p>\n<p><em>Item number: 22000057<\/em><br \/>\n<em>Stock information: in stock<\/em><\/p>\n<p>Also for private persons and companies, 1-2 pieces or even in a larger quantity.<\/p>\n<p><strong>THIS IS THE COMPLETE ZENIT SUNROOF.<\/strong><\/p>\n<p>Its basic function is draft-free ventilation.<\/p>\n<p>The sunroof is a great option for small electric city cars with a range of 300 km in total. It can replace air conditioning in the transitional seasons, saving enough electricity for a distance of 40-60 km during a charging cycle.<\/p>\n<p>It can generally be retrofitted into passenger cars and minibuses, as well as into the sleeper cabin of trucks for ventilation.<\/p>\n<p>The sunroof can be opened with a twister opening mechanism. The glass can be removed from the sunroof in one step.<\/p>\n<p>Enclosure size: 791 x 421 mm<br \/>\nCut-out size: 763 x 397 mm<br \/>\nHeat resistance of the sealing rubber profile: between -40 \u00b0C and +180 \u00b0C ( = -40\u00b0F and +356\u00b0F )<br \/>\nApplicable plate thickness for installation: 0.8 mm.<br \/>\nThe complete weight of the sunroof: about 7 kg<\/p>\n<p>It is cleaned with other parts of the car body. It is recommended to spray the seal of frame with silicone every month.<br \/>\nWe offer a 3-year warranty on our roof windows excluding the glass.<\/p>\n<p><strong>The price include VAT and all costs, including the delivery fee within Hungary. Additional costs will not be charged to the customer.<\/strong><\/p>","protected":false},"featured_media":2580,"comment_status":"open","ping_status":"closed","template":"","meta":[],"product_cat":[63],"product_tag":[],"class_list":{"0":"post-2171","1":"product","2":"type-product","3":"status-publish","4":"has-post-thumbnail","6":"product_cat-tetoablakok-es-szerelvenyeik","8":"first","9":"instock","10":"shipping-taxable","11":"purchasable","12":"product-type-simple"},"_links":{"self":[{"href":"https:\/\/luxauto.hu\/en\/wp-json\/wp\/v2\/product\/2171","targetHints":{"allow":["GET"]}}],"collection":[{"href":"https:\/\/luxauto.hu\/en\/wp-json\/wp\/v2\/product"}],"about":[{"href":"https:\/\/luxauto.hu\/en\/wp-json\/wp\/v2\/types\/product"}],"replies":[{"embeddable":true,"href":"https:\/\/luxauto.hu\/en\/wp-json\/wp\/v2\/comments?post=2171"}],"wp:featuredmedia":[{"embeddable":true,"href":"https:\/\/luxauto.hu\/en\/wp-json\/wp\/v2\/media\/2580"}],"wp:attachment":[{"href":"https:\/\/luxauto.hu\/en\/wp-json\/wp\/v2\/media?parent=2171"}],"wp:term":[{"taxonomy":"product_cat","embeddable":true,"href":"https:\/\/luxauto.hu\/en\/wp-json\/wp\/v2\/product_cat?post=2171"},{"taxonomy":"product_tag","embeddable":true,"href":"https:\/\/luxauto.hu\/en\/wp-json\/wp\/v2\/product_tag?post=2171"}],"curies":[{"name":"wp","href":"https:\/\/api.w.org\/{rel}","templated":true}]}}